{"id":1739,"date":"2019-05-27T08:31:12","date_gmt":"2019-05-27T06:31:12","guid":{"rendered":"https:\/\/www.dearroseer.cluster023.hosting.ovh.net\/?page_id=1739"},"modified":"2019-06-28T14:26:03","modified_gmt":"2019-06-28T12:26:03","slug":"legal-mentions","status":"publish","type":"page","link":"http:\/\/dearroseer.cluster023.hosting.ovh.net\/en\/legal-mentions\/","title":{"rendered":"Legal mentions"},"content":{"rendered":"<p><b>Pr\u00e9sentation du site<br \/>\n<\/b><span style=\"font-weight: 400;\">En vertu de l\u2019article 6 de la loi n\u00b0 2004-575 du 21 juin 2004 pour la confiance dans l\u2019\u00e9conomie num\u00e9rique, il est pr\u00e9cis\u00e9 aux utilisateurs du site\u00a0http:\/\/www.dearroseer.cluster023.hosting.ovh.net l\u2019identit\u00e9 des diff\u00e9rents intervenants dans le cadre de sa r\u00e9alisation et de son suivi :<\/span><\/p>\n<p><span style=\"font-weight: 400;\">Propri\u00e9taire\u00a0: Roos &amp; Roos \u2013 SAS \u2013 N\u00b0 SIREN 798\u00a0142\u00a0188<br \/>\n<\/span><span style=\"font-weight: 400;\">Si\u00e8ge social : 177 avenue Achille Peretti \u2013 92200 Neuilly sur seine<br \/>\n<\/span><span style=\"font-weight: 400;\">T\u00e9l\u00a0: 01 58 83 46 58<\/span><\/p>\n<p><span style=\"font-weight: 400;\">Cr\u00e9atrices\u00a0: Chantal et Alexandra Roos<br \/>\n<\/span><span style=\"font-weight: 400;\">Pr\u00e9sident de la soci\u00e9t\u00e9\u00a0: Chantal Roos<br \/>\n<\/span><span style=\"font-weight: 400;\">Responsable publication : <\/span><span style=\"font-weight: 400;\">Alexandra Roos<br \/>\n<\/span><span style=\"font-weight: 400;\">Le responsable publication est une personne physique ou une personne morale.<\/span><\/p>\n<p><span style=\"font-weight: 400;\">Webmaster : MYA, 44 rue de la Bienfaisance 75008 Paris<\/span><span style=\"font-weight: 400;\"><br \/>\n<\/span><a href=\"https:\/\/www.agence-mya.fr\/\"><span style=\"font-weight: 400;\">https:\/\/www.agence-mya.fr\/<\/span><\/a><\/p>\n<p><span style=\"font-weight: 400;\">H\u00e9bergeur : OVH 2 rue Kellermann, 59100 Roubaix \u2013 France.<\/span><\/p>\n<p><b>Conditions g\u00e9n\u00e9rales d\u2019utilisation du site et des services propos\u00e9s<\/b><\/p>\n<p><span style=\"font-weight: 400;\">L\u2019utilisation du site\u00a0http:\/\/www.dearroseer.cluster023.hosting.ovh.net implique l\u2019acceptation pleine et enti\u00e8re des conditions g\u00e9n\u00e9rales d\u2019utilisation ci-apr\u00e8s d\u00e9crites. Ces conditions d\u2019utilisation sont susceptibles d\u2019\u00eatre modifi\u00e9es ou compl\u00e9t\u00e9es \u00e0 tout moment, les utilisateurs du site\u00a0<\/span><a href=\"http:\/\/www.juliettehasagun.com\/\"><span style=\"font-weight: 400;\">http:\/\/www.dearroseer.cluster023.hosting.ovh.net <\/span><\/a><span style=\"font-weight: 400;\">sont donc invit\u00e9s \u00e0 les consulter de mani\u00e8re r\u00e9guli\u00e8re.<\/span><\/p>\n<p><span style=\"font-weight: 400;\">Ce site est normalement accessible \u00e0 tout moment aux utilisateurs. Une interruption pour raison de maintenance technique peut \u00eatre toutefois d\u00e9cid\u00e9e par\u00a0<\/span><a href=\"http:\/\/www.juliettehasagun.com\/\"><span style=\"font-weight: 400;\">http:\/\/www.dearroseer.cluster023.hosting.ovh.net <\/span><\/a><span style=\"font-weight: 400;\">, qui s\u2019efforcera alors de communiquer pr\u00e9alablement aux utilisateurs les dates et heures de l\u2019intervention.<\/span><\/p>\n<p><span style=\"font-weight: 400;\">Le site\u00a0http:\/\/www.dearroseer.cluster023.hosting.ovh.net est mis \u00e0 jour r\u00e9guli\u00e8rement par Roos &amp; Roos. De la m\u00eame fa\u00e7on, les mentions l\u00e9gales peuvent \u00eatre modifi\u00e9es \u00e0 tout moment : elles s\u2019imposent n\u00e9anmoins \u00e0 l\u2019utilisateur qui est invit\u00e9 \u00e0 s\u2019y r\u00e9f\u00e9rer le plus souvent possible afin d\u2019en prendre connaissance.<\/span><\/p>\n<p><span style=\"font-weight: 400;\">Description des services fournis<br \/>\n<\/span><span style=\"font-weight: 400;\">Le site\u00a0http:\/\/www.dearroseer.cluster023.hosting.ovh.net a pour objet de fournir une information concernant l\u2019ensemble des activit\u00e9s de la soci\u00e9t\u00e9.<\/span><\/p>\n<p><span style=\"font-weight: 400;\"> Roos &amp; Roos s\u2019efforce de fournir sur le site\u00a0http:\/\/www.dearroseer.cluster023.hosting.ovh.net des informations aussi pr\u00e9cises que possible. Toutefois, il ne pourra \u00eatre tenue responsable des omissions, des inexactitudes et des carences dans la mise \u00e0 jour, qu\u2019elles soient de son fait ou du fait des tiers partenaires qui lui fournissent ces informations.<\/span><\/p>\n<p><span style=\"font-weight: 400;\">Tous les informations indiqu\u00e9es sur le site\u00a0<\/span><a href=\"http:\/\/www.juliettehasagun.com\/\"><span style=\"font-weight: 400;\">http:\/\/www.dearroseer.cluster023.hosting.ovh.net <\/span><\/a><span style=\"font-weight: 400;\">sont donn\u00e9es \u00e0 titre indicatif, et sont susceptibles d\u2019\u00e9voluer. Par ailleurs, les renseignements figurant sur le site\u00a0http:\/\/www.dearroseer.cluster023.hosting.ovh.net ne sont pas exhaustifs. Ils sont donn\u00e9s sous r\u00e9serve de modifications ayant \u00e9t\u00e9 apport\u00e9es depuis leur mise en ligne.<\/span><\/p>\n<p><b>Limitations contractuelles sur les donn\u00e9es techniques.<\/b><\/p>\n<p><span style=\"font-weight: 400;\">Le site utilise la technologi<\/span><span style=\"font-weight: 400;\">e WordPress.<br \/>\n<\/span><span style=\"font-weight: 400;\">Le site Internet ne pourra \u00eatre tenu responsable de dommages mat\u00e9riels li\u00e9s \u00e0 l\u2019utilisation du site. De plus, l\u2019utilisateur du site s\u2019engage \u00e0 acc\u00e9der au site en utilisant un mat\u00e9riel r\u00e9cent, ne contenant pas de virus et avec un navigateur de derni\u00e8re g\u00e9n\u00e9ration mis-\u00e0-jour<\/span><\/p>\n<p><span style=\"font-weight: 400;\">Propri\u00e9t\u00e9 intellectuelle et contrefa\u00e7ons.<br \/>\n<\/span><span style=\"font-weight: 400;\">Roos &amp; Roos est propri\u00e9taire des droits de propri\u00e9t\u00e9 intellectuelle ou d\u00e9tient les droits d\u2019usage sur tous les \u00e9l\u00e9ments accessibles sur le site, notamment les textes, images, graphismes, logo, ic\u00f4nes, sons, logiciels.<\/span><\/p>\n<p><span style=\"font-weight: 400;\">Toute reproduction, repr\u00e9sentation, modification, publication, adaptation de tout ou partie des \u00e9l\u00e9ments du site, quel que soit le moyen ou le proc\u00e9d\u00e9 utilis\u00e9, est interdite, sauf autorisation \u00e9crite pr\u00e9alable de : Roos &amp; Roos.<\/span><\/p>\n<p><span style=\"font-weight: 400;\">Toute exploitation non autoris\u00e9e du site ou de l\u2019un quelconque des \u00e9l\u00e9ments qu\u2019il contient sera consid\u00e9r\u00e9e comme constitutive d\u2019une contrefa\u00e7on et poursuivie conform\u00e9ment aux dispositions des articles L.335-2 et suivants du Code de Propri\u00e9t\u00e9 Intellectuelle.<\/span><\/p>\n<p><b>Limitations de responsabilit\u00e9.<\/b><\/p>\n<p><span style=\"font-weight: 400;\"> Roos &amp; Roos ne pourra \u00eatre tenue responsable des dommages directs et indirects caus\u00e9s au mat\u00e9riel de l\u2019utilisateur, lors de l\u2019acc\u00e8s au site\u00a0<\/span><a href=\"http:\/\/www.juliettehasagun.com\/\"><span style=\"font-weight: 400;\">http:\/\/www.dearroseer.cluster023.hosting.ovh.net <\/span><\/a><span style=\"font-weight: 400;\">, et r\u00e9sultant soit de l\u2019utilisation d\u2019un mat\u00e9riel ne r\u00e9pondant pas aux sp\u00e9cifications indiqu\u00e9es au point 4, soit de l\u2019apparition d\u2019un bug ou d\u2019une incompatibilit\u00e9.<\/span><\/p>\n<p><span style=\"font-weight: 400;\"> Roos &amp; Roos ne pourra \u00e9galement \u00eatre tenue responsable des dommages indirects (tels par exemple qu\u2019une perte de march\u00e9 ou perte d\u2019une chance) cons\u00e9cutifs \u00e0 l\u2019utilisation du site\u00a0<\/span><a href=\"http:\/\/www.juliettehasagun.com\/\"><span style=\"font-weight: 400;\">http:\/\/www.dearroseer.cluster023.hosting.ovh.net <\/span><\/a><span style=\"font-weight: 400;\">.<\/span><\/p>\n<p><span style=\"font-weight: 400;\">Des espaces interactifs (possibilit\u00e9 de poser des questions dans l\u2019espace contact) sont \u00e0 la disposition des utilisateurs. \u00a0Roos &amp; Roos se r\u00e9serve le droit de supprimer, sans mise en demeure pr\u00e9alable, tout contenu d\u00e9pos\u00e9 dans cet espace qui contreviendrait \u00e0 la l\u00e9gislation applicable en France, en particulier aux dispositions relatives \u00e0 la protection des donn\u00e9es. Le cas \u00e9ch\u00e9ant, \u00a0Roos &amp; Roos se r\u00e9serve \u00e9galement la possibilit\u00e9 de mettre en cause la responsabilit\u00e9 civile et\/ou p\u00e9nale de l\u2019utilisateur, notamment en cas de message \u00e0 caract\u00e8re raciste, injurieux, diffamant, ou pornographique, quel que soit le support utilis\u00e9 (texte, photographie\u2026).<\/span><\/p>\n<p><b>Gestion des donn\u00e9es personnelles.<\/b><\/p>\n<p><span style=\"font-weight: 400;\">En France, les donn\u00e9es personnelles sont notamment prot\u00e9g\u00e9es par la loi n\u00b0 78-87 du 6 janvier 1978, la loi n\u00b0 2004-801 du 6 ao\u00fbt 2004, l\u2019article L. 226-13 du Code p\u00e9nal et la Directive Europ\u00e9enne du 24 octobre 1995.<\/span><\/p>\n<p><span style=\"font-weight: 400;\">A l\u2019occasion de l\u2019utilisation du site\u00a0<\/span><a href=\"http:\/\/www.juliettehasagun.com\/\"><span style=\"font-weight: 400;\">http:\/\/www.dearroseer.cluster023.hosting.ovh.net <\/span><\/a><span style=\"font-weight: 400;\">, peuvent \u00eatre recueillies : l\u2019URL des liens par l\u2019interm\u00e9diaire desquels l\u2019utilisateur a acc\u00e9d\u00e9 au site\u00a0<\/span><a href=\"http:\/\/www.juliettehasagun.com\/\"><span style=\"font-weight: 400;\">http:\/\/www.dearroseer.cluster023.hosting.ovh.net <\/span><\/a><span style=\"font-weight: 400;\">,\u00a0le fournisseur d\u2019acc\u00e8s de l\u2019utilisateur, l\u2019adresse de protocole Internet (IP) de l\u2019utilisateur.<\/span><\/p>\n<p><span style=\"font-weight: 400;\">En tout \u00e9tat de cause \u00a0Roos &amp; Roos ne collecte des informations personnelles relatives \u00e0 l\u2019utilisateur que pour le besoin de certains services propos\u00e9s par le site\u00a0<\/span><a href=\"http:\/\/www.juliettehasagun.com\/\"><span style=\"font-weight: 400;\">http:\/\/www.dearroseer.cluster023.hosting.ovh.net <\/span><\/a><span style=\"font-weight: 400;\">. L\u2019utilisateur fournit ces informations en toute connaissance de cause, notamment lorsqu\u2019il proc\u00e8de par lui-m\u00eame \u00e0 leur saisie. Il est alors pr\u00e9cis\u00e9 \u00e0 l\u2019utilisateur du site\u00a0http:\/\/www.dearroseer.cluster023.hosting.ovh.net l\u2019obligation ou non de fournir ces informations.<\/span><\/p>\n<p><span style=\"font-weight: 400;\">Conform\u00e9ment aux dispositions des articles 38 et suivants de la loi 78-17 du 6 janvier 1978 relative \u00e0 l\u2019informatique, aux fichiers et aux libert\u00e9s, tout utilisateur dispose\u00a0d\u2019un droit d\u2019acc\u00e8s, de rectification et d\u2019opposition aux donn\u00e9es personnelles le concernant, en effectuant sa demande \u00e9crite et sign\u00e9e, accompagn\u00e9e d\u2019une copie du titre d\u2019identit\u00e9 avec signature du titulaire de la pi\u00e8ce, en pr\u00e9cisant l\u2019adresse \u00e0 laquelle la r\u00e9ponse doit \u00eatre envoy\u00e9e.<\/span><\/p>\n<p><span style=\"font-weight: 400;\">Aucune information personnelle de l\u2019utilisateur du site\u00a0http:\/\/www.dearroseer.cluster023.hosting.ovh.net n\u2019est publi\u00e9e \u00e0 l\u2019insu de l\u2019utilisateur, \u00e9chang\u00e9e, transf\u00e9r\u00e9e, c\u00e9d\u00e9e ou vendue sur un support quelconque \u00e0 des tiers. Seule l\u2019hypoth\u00e8se du rachat de Roos &amp; Roos et de ses droits permettrait la transmission des dites informations \u00e0 l\u2019\u00e9ventuel acqu\u00e9reur qui serait \u00e0 son tour tenu de la m\u00eame obligation de conservation et de modification des donn\u00e9es vis \u00e0 vis de l\u2019utilisateur du site\u00a0<\/span><a href=\"http:\/\/www.juliettehasagun.com\/\"><span style=\"font-weight: 400;\">http:\/\/www.dearroseer.cluster023.hosting.ovh.net <\/span><\/a><span style=\"font-weight: 400;\">.<br \/>\n<\/span><span style=\"font-weight: 400;\">Les bases de donn\u00e9es sont prot\u00e9g\u00e9es par les dispositions de la loi du 1er juillet 1998 transposant la directive 96\/9 du 11 mars 1996 relative \u00e0 la protection juridique\u00a0des bases de donn\u00e9es.<\/span><\/p>\n<p><b>Liens hypertextes et cookies.<\/b><\/p>\n<p><span style=\"font-weight: 400;\">Le site\u00a0http:\/\/www.dearroseer.cluster023.hosting.ovh.net contient un certain nombre de liens hypertextes vers d\u2019autres sites, mis en place avec l\u2019autorisation de Roos &amp; Roos. Cependant, \u00a0Roos &amp; Roos n\u2019a pas la possibilit\u00e9 de v\u00e9rifier le contenu des sites ainsi visit\u00e9s, et n\u2019assumera en cons\u00e9quence aucune responsabilit\u00e9 de ce fait.<\/span><\/p>\n<p><span style=\"font-weight: 400;\">La navigation sur le site\u00a0http:\/\/www.dearroseer.cluster023.hosting.ovh.net est susceptible de provoquer\u00a0l\u2019installation de cookie(s) sur l\u2019ordinateur de l\u2019utilisateur. Un cookie est un fichier de petite taille, qui ne permet pas l\u2019identification de l\u2019utilisateur, mais qui enregistre des informations relatives \u00e0 la navigation d\u2019un ordinateur sur un site. Les donn\u00e9es ainsi obtenues visent \u00e0 faciliter la navigation ult\u00e9rieure sur le site, et ont \u00e9galement vocation \u00e0 permettre diverses mesures de fr\u00e9quentation.<\/span><\/p>\n<p><span style=\"font-weight: 400;\">Le refus d\u2019installation d\u2019un cookie peut entra\u00eener l\u2019impossibilit\u00e9 d\u2019acc\u00e9der \u00e0 certains services. L\u2019utilisateur peut toutefois configurer son ordinateur de la mani\u00e8re suivante, pour refuser l\u2019installation des cookies :<\/span><\/p>\n<p><span style=\"font-weight: 400;\">Sous Internet Explorer : onglet outil \/ options internet. Cliquez sur Confidentialit\u00e9 et choisissez Bloquer tous les cookies. Validez sur Ok.<\/span><\/p>\n<p><span style=\"font-weight: 400;\">Sous Netscape : onglet \u00e9dition \/ pr\u00e9f\u00e9rences. Cliquez sur Avanc\u00e9es et choisissez D\u00e9sactiver les cookies. Validez sur Ok.\u00a0<\/span><\/p>\n<p><b>Droit applicable et attribution de juridiction.<\/b><\/p>\n<p><span style=\"font-weight: 400;\">Tout litige en relation avec l\u2019utilisation du site\u00a0http:\/\/www.dearroseer.cluster023.hosting.ovh.net est soumis au droit fran\u00e7ais. Il est fait attribution exclusive de juridiction aux tribunaux comp\u00e9tents de Paris.<\/span><\/p>\n<p><b>Les principales lois concern\u00e9es.<\/b><\/p>\n<p><span style=\"font-weight: 400;\">Loi n\u00b0 78-87 du 6 janvier 1978, notamment modifi\u00e9e par la loi n\u00b0 2004-801 du 6 ao\u00fbt 2004 relative \u00e0 l\u2019informatique, aux fichiers et aux libert\u00e9s.<\/span><\/p>\n<p><span style=\"font-weight: 400;\">Loi n\u00b0 2004-575 du 21 juin 2004 pour la confiance dans l\u2019\u00e9conomie num\u00e9rique.<\/span><\/p>\n<p><b>Lexique<br \/>\n<\/b><span style=\"font-weight: 400;\">Utilisateur : Internaute se connectant, utilisant le site susnomm\u00e9.<br \/>\n<\/span><span style=\"font-weight: 400;\">Informations personnelles : \u00ab les informations qui permettent, sous quelque forme que ce soit, directement ou non, l\u2019identification des personnes physiques auxquelles elles s\u2019appliquent \u00bb (article 4 de la loi n\u00b0 78-17 du 6 janvier 1978).<\/span><\/p>\n<p><b>Cr\u00e9dits<br \/>\n<\/b><span style=\"font-weight: 400;\">Conception et production\u00a0: Cette boutique en ligne a \u00e9t\u00e9 cr\u00e9\u00e9e par l&#8217;agence Mya. <\/span><a href=\"http:\/\/www.agence-mya.fr\/\"><span style=\"font-weight: 400;\">www.agence-mya.fr<\/span><\/a><span style=\"font-weight: 400;\">\u00a0<\/span><\/p>\n","protected":false},"excerpt":{"rendered":"<p>Pr\u00e9sentation du site En vertu de l\u2019article 6 de la loi n\u00b0 2004-575 du 21 juin 2004 pour la confiance dans l\u2019\u00e9conomie num\u00e9rique, il est pr\u00e9cis\u00e9 aux utilisateurs du site\u00a0http:\/\/www.dearroseer.cluster023.hosting.ovh.net l\u2019identit\u00e9 des diff\u00e9rents intervenants dans le cadre de sa r\u00e9alisation et de son suivi : Propri\u00e9taire\u00a0: Roos &amp; Roos \u2013 SAS \u2013 N\u00b0 SIREN 798\u00a0142\u00a0188&#8230;<\/p>\n","protected":false},"author":5,"featured_media":0,"parent":0,"menu_order":0,"comment_status":"closed","ping_status":"closed","template":"","meta":{"footnotes":""},"acf":[],"yoast_head":"<!-- This site is optimized with the Yoast SEO plugin v21.5 - https:\/\/yoast.com\/wordpress\/plugins\/seo\/ -->\n<title>Legal Mentions - Fragrances Roos &amp; Roos<\/title>\n<meta name=\"description\" content=\"Policy and legal informations. Protection of your personal informations. Protection of private life. Consult the Roos &amp; Roos legal notice.\" \/>\n<meta name=\"robots\" content=\"index, follow, max-snippet:-1, max-image-preview:large, max-video-preview:-1\" \/>\n<link rel=\"canonical\" href=\"http:\/\/dearroseer.cluster023.hosting.ovh.net\/en\/legal-mentions\/\" \/>\n<meta property=\"og:locale\" content=\"en_US\" \/>\n<meta property=\"og:type\" content=\"article\" \/>\n<meta property=\"og:title\" content=\"Legal Mentions - Fragrances Roos &amp; Roos\" \/>\n<meta property=\"og:description\" content=\"Policy and legal informations. Protection of your personal informations. Protection of private life. Consult the Roos &amp; Roos legal notice.\" \/>\n<meta property=\"og:url\" content=\"http:\/\/dearroseer.cluster023.hosting.ovh.net\/en\/legal-mentions\/\" \/>\n<meta property=\"og:site_name\" content=\"Roos &amp; Roos\" \/>\n<meta property=\"article:publisher\" content=\"https:\/\/www.facebook.com\/Dear-Rose-645148585539029\/\" \/>\n<meta property=\"article:modified_time\" content=\"2019-06-28T12:26:03+00:00\" \/>\n<meta name=\"twitter:card\" content=\"summary_large_image\" \/>\n<meta name=\"twitter:label1\" content=\"Est. reading time\" \/>\n\t<meta name=\"twitter:data1\" content=\"8 minutes\" \/>\n<script type=\"application\/ld+json\" class=\"yoast-schema-graph\">{\"@context\":\"https:\/\/schema.org\",\"@graph\":[{\"@type\":\"WebPage\",\"@id\":\"http:\/\/dearroseer.cluster023.hosting.ovh.net\/en\/legal-mentions\/\",\"url\":\"http:\/\/dearroseer.cluster023.hosting.ovh.net\/en\/legal-mentions\/\",\"name\":\"Legal Mentions - Fragrances Roos & Roos\",\"isPartOf\":{\"@id\":\"https:\/\/dearroseer.cluster023.hosting.ovh.net\/#website\"},\"datePublished\":\"2019-05-27T06:31:12+00:00\",\"dateModified\":\"2019-06-28T12:26:03+00:00\",\"description\":\"Policy and legal informations. Protection of your personal informations. Protection of private life. Consult the Roos & Roos legal notice.\",\"breadcrumb\":{\"@id\":\"http:\/\/dearroseer.cluster023.hosting.ovh.net\/en\/legal-mentions\/#breadcrumb\"},\"inLanguage\":\"en-US\",\"potentialAction\":[{\"@type\":\"ReadAction\",\"target\":[\"http:\/\/dearroseer.cluster023.hosting.ovh.net\/en\/legal-mentions\/\"]}]},{\"@type\":\"BreadcrumbList\",\"@id\":\"http:\/\/dearroseer.cluster023.hosting.ovh.net\/en\/legal-mentions\/#breadcrumb\",\"itemListElement\":[{\"@type\":\"ListItem\",\"position\":1,\"name\":\"Home\",\"item\":\"http:\/\/dearroseer.cluster023.hosting.ovh.net\/en\/\"},{\"@type\":\"ListItem\",\"position\":2,\"name\":\"Legal mentions\"}]},{\"@type\":\"WebSite\",\"@id\":\"https:\/\/dearroseer.cluster023.hosting.ovh.net\/#website\",\"url\":\"https:\/\/dearroseer.cluster023.hosting.ovh.net\/\",\"name\":\"Roos &amp; Roos\",\"description\":\"French fragrance\",\"potentialAction\":[{\"@type\":\"SearchAction\",\"target\":{\"@type\":\"EntryPoint\",\"urlTemplate\":\"https:\/\/dearroseer.cluster023.hosting.ovh.net\/?s={search_term_string}\"},\"query-input\":\"required name=search_term_string\"}],\"inLanguage\":\"en-US\"}]}<\/script>\n<!-- \/ Yoast SEO plugin. -->","yoast_head_json":{"title":"Legal Mentions - Fragrances Roos & Roos","description":"Policy and legal informations. Protection of your personal informations. Protection of private life. Consult the Roos & Roos legal notice.","robots":{"index":"index","follow":"follow","max-snippet":"max-snippet:-1","max-image-preview":"max-image-preview:large","max-video-preview":"max-video-preview:-1"},"canonical":"http:\/\/dearroseer.cluster023.hosting.ovh.net\/en\/legal-mentions\/","og_locale":"en_US","og_type":"article","og_title":"Legal Mentions - Fragrances Roos & Roos","og_description":"Policy and legal informations. Protection of your personal informations. Protection of private life. Consult the Roos & Roos legal notice.","og_url":"http:\/\/dearroseer.cluster023.hosting.ovh.net\/en\/legal-mentions\/","og_site_name":"Roos &amp; Roos","article_publisher":"https:\/\/www.facebook.com\/Dear-Rose-645148585539029\/","article_modified_time":"2019-06-28T12:26:03+00:00","twitter_card":"summary_large_image","twitter_misc":{"Est. reading time":"8 minutes"},"schema":{"@context":"https:\/\/schema.org","@graph":[{"@type":"WebPage","@id":"http:\/\/dearroseer.cluster023.hosting.ovh.net\/en\/legal-mentions\/","url":"http:\/\/dearroseer.cluster023.hosting.ovh.net\/en\/legal-mentions\/","name":"Legal Mentions - Fragrances Roos & Roos","isPartOf":{"@id":"https:\/\/dearroseer.cluster023.hosting.ovh.net\/#website"},"datePublished":"2019-05-27T06:31:12+00:00","dateModified":"2019-06-28T12:26:03+00:00","description":"Policy and legal informations. Protection of your personal informations. Protection of private life. Consult the Roos & Roos legal notice.","breadcrumb":{"@id":"http:\/\/dearroseer.cluster023.hosting.ovh.net\/en\/legal-mentions\/#breadcrumb"},"inLanguage":"en-US","potentialAction":[{"@type":"ReadAction","target":["http:\/\/dearroseer.cluster023.hosting.ovh.net\/en\/legal-mentions\/"]}]},{"@type":"BreadcrumbList","@id":"http:\/\/dearroseer.cluster023.hosting.ovh.net\/en\/legal-mentions\/#breadcrumb","itemListElement":[{"@type":"ListItem","position":1,"name":"Home","item":"http:\/\/dearroseer.cluster023.hosting.ovh.net\/en\/"},{"@type":"ListItem","position":2,"name":"Legal mentions"}]},{"@type":"WebSite","@id":"https:\/\/dearroseer.cluster023.hosting.ovh.net\/#website","url":"https:\/\/dearroseer.cluster023.hosting.ovh.net\/","name":"Roos &amp; Roos","description":"French fragrance","potentialAction":[{"@type":"SearchAction","target":{"@type":"EntryPoint","urlTemplate":"https:\/\/dearroseer.cluster023.hosting.ovh.net\/?s={search_term_string}"},"query-input":"required name=search_term_string"}],"inLanguage":"en-US"}]}},"post_mailing_queue_ids":[],"_links":{"self":[{"href":"http:\/\/dearroseer.cluster023.hosting.ovh.net\/en\/wp-json\/wp\/v2\/pages\/1739"}],"collection":[{"href":"http:\/\/dearroseer.cluster023.hosting.ovh.net\/en\/wp-json\/wp\/v2\/pages"}],"about":[{"href":"http:\/\/dearroseer.cluster023.hosting.ovh.net\/en\/wp-json\/wp\/v2\/types\/page"}],"author":[{"embeddable":true,"href":"http:\/\/dearroseer.cluster023.hosting.ovh.net\/en\/wp-json\/wp\/v2\/users\/5"}],"replies":[{"embeddable":true,"href":"http:\/\/dearroseer.cluster023.hosting.ovh.net\/en\/wp-json\/wp\/v2\/comments?post=1739"}],"version-history":[{"count":2,"href":"http:\/\/dearroseer.cluster023.hosting.ovh.net\/en\/wp-json\/wp\/v2\/pages\/1739\/revisions"}],"predecessor-version":[{"id":2335,"href":"http:\/\/dearroseer.cluster023.hosting.ovh.net\/en\/wp-json\/wp\/v2\/pages\/1739\/revisions\/2335"}],"wp:attachment":[{"href":"http:\/\/dearroseer.cluster023.hosting.ovh.net\/en\/wp-json\/wp\/v2\/media?parent=1739"}],"curies":[{"name":"wp","href":"https:\/\/api.w.org\/{rel}","templated":true}]}}